{"id":83,"date":"2024-02-20T08:09:18","date_gmt":"2024-02-20T07:09:18","guid":{"rendered":"https:\/\/themes.webgarten.ch\/tokyo\/?page_id=83"},"modified":"2024-02-23T11:11:08","modified_gmt":"2024-02-23T10:11:08","slug":"ueber-dieses-theme","status":"publish","type":"page","link":"https:\/\/themes.webgarten.ch\/tokyo\/ueber-dieses-theme\/","title":{"rendered":"\u00dcber dieses Theme"},"content":{"rendered":"\n<div style=\"height:18vh\" aria-hidden=\"true\" class=\"wp-block-spacer\"><\/div>\n\n\n\n<div class=\"wp-block-group has-global-padding is-layout-constrained wp-container-core-group-is-layout-6714576d wp-block-group-is-layout-constrained\" style=\"padding-right:20px;padding-left:20px\">\n<h1 class=\"wp-block-heading has-text-align-left\">\u00dcber dieses Theme<\/h1>\n\n\n\n<p class=\"has-text-align-left\" style=\"font-size:22px\">Tokyo ist das WordPress Block-Theme aus unserer Webagentur, welches speziell f\u00fcr Dienstleistungs-Betriebe gemacht wurde. Das minimale Design l\u00e4sst sich durch Farbe, Schrift und Bilder vielseitig anpassen. Ideal f\u00fcr Banken, Versicherung, Verlage, Medien, Pharma, Anwaltskanzleien, Medizinaltechnik, Autoren von B\u00fcchern, Gesundheitswesen und Spit\u00e4ler.<\/p>\n<\/div>\n\n\n\n<div style=\"height:3vw\" aria-hidden=\"true\" class=\"wp-block-spacer\"><\/div>\n\n\n\n<div class=\"wp-block-group grid-layout has-global-padding is-layout-constrained wp-block-group-is-layout-constrained\">\n<div class=\"wp-block-group has-global-padding is-layout-constrained wp-container-core-group-is-layout-0986e329 wp-block-group-is-layout-constrained\" style=\"min-height:0%;padding-top:0;padding-right:0px;padding-bottom:0;padding-left:0px\">\n<div class=\"wp-block-outermost-icon-block items-justified-center\"><div class=\"icon-container has-icon-color has-font-color-color\" style=\"color:#3A3A3A;width:60px;padding-top:0;padding-right:0;padding-bottom:0;padding-left:0;border-radius:100px\"><svg xmlns=\"http:\/\/www.w3.org\/2000\/svg\" viewBox=\"0 0 24 24\" aria-hidden=\"true\"><path d=\"M19 8h-1V6h-5v2h-2V6H6v2H5c-1.1 0-2 .9-2 2v8c0 1.1.9 2 2 2h14c1.1 0 2-.9 2-2v-8c0-1.1-.9-2-2-2zm.5 10c0 .3-.2.5-.5.5H5c-.3 0-.5-.2-.5-.5v-8c0-.3.2-.5.5-.5h14c.3 0 .5.2.5.5v8z\"><\/path><\/svg><\/div><\/div>\n\n\n\n<h2 class=\"wp-block-heading\">FSE-Block-Theme<\/h2>\n\n\n\n<p>Dabei handelt es sich um die <strong>neueste Technik<\/strong> f\u00fcr Full Site Edtiting Themes von WordPress. Es wird <strong>kein Page Builder<\/strong> Plugin ben\u00f6tigt. <\/p>\n<\/div>\n\n\n\n<div class=\"wp-block-group has-global-padding is-layout-constrained wp-container-core-group-is-layout-0986e329 wp-block-group-is-layout-constrained\" style=\"min-height:0%;padding-top:0;padding-right:0px;padding-bottom:0;padding-left:0px\">\n<div class=\"wp-block-outermost-icon-block items-justified-center\"><div class=\"icon-container has-icon-color has-font-color-color\" style=\"color:#3A3A3A;width:60px;padding-top:0;padding-right:0;padding-bottom:0;padding-left:0;border-radius:100px\"><svg xmlns=\"http:\/\/www.w3.org\/2000\/svg\" viewBox=\"0 0 24 24\" aria-hidden=\"true\"><path d=\"M3.445 16.505a.75.75 0 001.06.05l5.005-4.55 4.024 3.521 4.716-4.715V14h1.5V8.25H14v1.5h3.19l-3.724 3.723L9.49 9.995l-5.995 5.45a.75.75 0 00-.05 1.06z\"><\/path><\/svg><\/div><\/div>\n\n\n\n<h2 class=\"wp-block-heading\">PageSpeed 4&#215;100<\/h2>\n\n\n\n<p>Sauber gebaute FSE-Themes sind extrem performant. Dank neuartigem minimalem Block bezogenem Inline CSS. <\/p>\n\n\n\n<p><a href=\"https:\/\/pagespeed.web.dev\/analysis\/https-themes-webgarten-ch-tokyo\/89ayz523ic?form_factor=mobile\" target=\"_blank\" rel=\"noreferrer noopener nofollow\">Zur Google Wertung!<\/a><\/p>\n<\/div>\n\n\n\n<div class=\"wp-block-group has-global-padding is-layout-constrained wp-container-core-group-is-layout-0986e329 wp-block-group-is-layout-constrained\" style=\"min-height:0%;padding-top:0;padding-right:0px;padding-bottom:0;padding-left:0px\">\n<div class=\"wp-block-outermost-icon-block items-justified-center\"><div class=\"icon-container has-icon-color has-font-color-color\" style=\"color:#3A3A3A;width:60px;padding-top:0;padding-right:0;padding-bottom:0;padding-left:0;border-radius:100px\"><svg viewBox=\"0 0 24 24\" xmlns=\"http:\/\/www.w3.org\/2000\/svg\" aria-hidden=\"true\"><path d=\"M12 4c-4.4 0-8 3.6-8 8v.1c0 4.1 3.2 7.5 7.2 7.9h.8c4.4 0 8-3.6 8-8s-3.6-8-8-8zm0 15V5c3.9 0 7 3.1 7 7s-3.1 7-7 7z\"><\/path><\/svg><\/div><\/div>\n\n\n\n<h2 class=\"wp-block-heading\">Zus\u00e4tzliche Farbvarianten<\/h2>\n\n\n\n<p>Das Theme verf\u00fcgt  zus\u00e4tzlich \u00fcber eine Dark Mode Version. Weiter Farbvarianten k\u00f6nnen zudem erstellt werden. <\/p>\n<\/div>\n\n\n\n<div class=\"wp-block-group has-global-padding is-layout-constrained wp-container-core-group-is-layout-0986e329 wp-block-group-is-layout-constrained\" style=\"min-height:0%;padding-top:0;padding-right:0px;padding-bottom:0;padding-left:0px\">\n<div class=\"wp-block-outermost-icon-block items-justified-center\"><div class=\"icon-container has-icon-color has-font-color-color\" style=\"color:#3A3A3A;width:60px;padding-top:0;padding-right:0;padding-bottom:0;padding-left:0;border-radius:100px\"><svg xmlns=\"http:\/\/www.w3.org\/2000\/svg\" viewBox=\"0 0 24 24\" aria-hidden=\"true\"><path d=\"M18.5 10.5H10v8h8a.5.5 0 00.5-.5v-7.5zm-10 0h-3V18a.5.5 0 00.5.5h2.5v-8zM6 4h12a2 2 0 012 2v12a2 2 0 01-2 2H6a2 2 0 01-2-2V6a2 2 0 012-2z\"><\/path><\/svg><\/div><\/div>\n\n\n\n<h2 class=\"wp-block-heading\">Sticky Shrink Top Bar<\/h2>\n\n\n\n<p>Die Sticky Shrink Bar wurde mit neustem CSS und ganz ohne JavaScript erstellt. Der Effekt funktioniert bereits in Chrome und Edge. <\/p>\n<\/div>\n\n\n\n<div class=\"wp-block-group has-global-padding is-layout-constrained wp-container-core-group-is-layout-0986e329 wp-block-group-is-layout-constrained\" style=\"min-height:0%;padding-top:0;padding-right:0px;padding-bottom:0;padding-left:0px\">\n<div class=\"wp-block-outermost-icon-block items-justified-center\"><div class=\"icon-container has-icon-color has-font-color-color\" style=\"color:#3A3A3A;width:60px;padding-top:0;padding-right:0;padding-bottom:0;padding-left:0;border-radius:100px\"><svg xmlns=\"http:\/\/www.w3.org\/2000\/svg\" viewBox=\"0 0 24 24\" aria-hidden=\"true\"><path d=\"M10 11c-1.588-.479-4-.91-4-.91s2-.241 4-.454c1.8-.191 3.365-.502 4-3.181C14.635 3.775 15 1 15 1s.365 2.775 1 5.455c.635 2.679 2 2.969 4 3.181 2 .213 4 .455 4 .455s-2.412.43-4 .909c-1.588.479-3 1-4 4.546-.746 2.643-.893 4.948-1 5.454-.107-.506-.167-2.5-1-5.454C13 12 11.588 11.479 10 11zM7.333 3.5C6.803 3.333 6 3.182 6 3.182s.667-.085 1.333-.16c.6-.066 1.122-.175 1.334-1.113C8.878.971 9 0 9 0s.122.971.333 1.91c.212.937.667 1.038 1.334 1.113.666.074 1.333.159 1.333.159s-.804.15-1.333.318c-.53.167-1 .35-1.334 1.59C9.085 6.017 9.036 6.824 9 7c-.036-.177-.056-.875-.333-1.91-.334-1.24-.804-1.423-1.334-1.59zM2.444 18C1.474 17.713 0 17.454 0 17.454s1.222-.145 2.444-.272c1.1-.115 2.057-.302 2.445-1.91C5.277 13.666 5.5 12 5.5 12s.223 1.665.611 3.273c.388 1.607 1.222 1.781 2.445 1.909 1.222.127 2.444.273 2.444.273s-1.474.258-2.444.545c-.971.287-1.834.6-2.445 2.727-.456 1.586-.546 2.97-.611 3.273-.065-.304-.102-1.5-.611-3.273C4.278 18.6 3.415 18.287 2.444 18z\"><\/path><\/svg><\/div><\/div>\n\n\n\n<h2 class=\"wp-block-heading\">Milchglaseffekt<\/h2>\n\n\n\n<p>Der Milchglaseffekt passt zu modernen glasigen B\u00fcro-Design aus dem Finanzsektor. Dazu wird nur eine Zeile CSS ben\u00f6tigt.<\/p>\n<\/div>\n\n\n\n<div class=\"wp-block-group has-global-padding is-layout-constrained wp-container-core-group-is-layout-0986e329 wp-block-group-is-layout-constrained\" style=\"min-height:0%;padding-top:0;padding-right:0px;padding-bottom:0;padding-left:0px\">\n<div class=\"wp-block-outermost-icon-block items-justified-center\"><div class=\"icon-container has-icon-color has-font-color-color\" style=\"color:#3A3A3A;width:60px;padding-top:0;padding-right:0;padding-bottom:0;padding-left:0;border-radius:100px\"><svg xmlns=\"http:\/\/www.w3.org\/2000\/svg\" viewBox=\"0 0 24 24\" aria-hidden=\"true\"><path d=\"M6 5V18.5911L12 13.8473L18 18.5911V5H6Z\"><\/path><\/svg><\/div><\/div>\n\n\n\n<h2 class=\"wp-block-heading\"> \u00dcberschrift 1 immer sichtbar<\/h2>\n\n\n\n<p>Das Header Bild auf der Startseite richtet sich nach der Fensterh\u00f6he aus. So ist beim Aufruf die \u00dcberschrift und der Lead-Text immer im sichtbaren Bereich.<\/p>\n<\/div>\n\n\n\n<div class=\"wp-block-group has-global-padding is-layout-constrained wp-container-core-group-is-layout-0986e329 wp-block-group-is-layout-constrained\" style=\"min-height:0%;padding-top:0;padding-right:0px;padding-bottom:0;padding-left:0px\">\n<div class=\"wp-block-outermost-icon-block items-justified-center\"><div class=\"icon-container has-icon-color has-font-color-color\" style=\"color:#3A3A3A;width:60px;padding-top:0;padding-right:0;padding-bottom:0;padding-left:0;border-radius:100px\"><svg xmlns=\"http:\/\/www.w3.org\/2000\/svg\" viewBox=\"0 0 24 24\" aria-hidden=\"true\"><path d=\"M18 5.5H6a.5.5 0 00-.5.5v3h13V6a.5.5 0 00-.5-.5zm.5 5H10v8h8a.5.5 0 00.5-.5v-7.5zm-10 0h-3V18a.5.5 0 00.5.5h2.5v-8zM6 4h12a2 2 0 012 2v12a2 2 0 01-2 2H6a2 2 0 01-2-2V6a2 2 0 012-2z\"><\/path><\/svg><\/div><\/div>\n\n\n\n<h2 class=\"wp-block-heading\">Layout Grid Pattern<\/h2>\n\n\n\n<p>Das Theme enth\u00e4lt eine zus\u00e4tzliche Vorlage f\u00fcr Layout Grids, welche zum Beispiel f\u00fcr diese Bl\u00f6cke verwendet wird. <\/p>\n<\/div>\n\n\n\n<div class=\"wp-block-group has-global-padding is-layout-constrained wp-container-core-group-is-layout-0986e329 wp-block-group-is-layout-constrained\" style=\"min-height:0%;padding-top:0;padding-right:0px;padding-bottom:0;padding-left:0px\">\n<div class=\"wp-block-outermost-icon-block items-justified-center\"><div class=\"icon-container has-icon-color has-font-color-color\" style=\"color:#3A3A3A;width:60px;padding-top:0;padding-right:0;padding-bottom:0;padding-left:0;border-radius:100px\"><svg viewBox=\"0 0 24 24\" xmlns=\"http:\/\/www.w3.org\/2000\/svg\" aria-hidden=\"true\"><path d=\"M20.8 10.7l-4.3-4.3-1.1 1.1 4.3 4.3c.1.1.1.3 0 .4l-4.3 4.3 1.1 1.1 4.3-4.3c.7-.8.7-1.9 0-2.6zM4.2 11.8l4.3-4.3-1-1-4.3 4.3c-.7.7-.7 1.8 0 2.5l4.3 4.3 1.1-1.1-4.3-4.3c-.2-.1-.2-.3-.1-.4z\"><\/path><\/svg><\/div><\/div>\n\n\n\n<h2 class=\"wp-block-heading\">PureCSS<\/h2>\n\n\n\n<p>Das Theme verzichtet auf zus\u00e4tzliches JavaScript. Scroll und Hover Animationen wurden mit modernem CSS erstellt.  <\/p>\n<\/div>\n\n\n\n<div class=\"wp-block-group has-global-padding is-layout-constrained wp-container-core-group-is-layout-0986e329 wp-block-group-is-layout-constrained\" style=\"min-height:0%;padding-top:0;padding-right:0px;padding-bottom:0;padding-left:0px\">\n<div class=\"wp-block-outermost-icon-block items-justified-center\"><div class=\"icon-container has-icon-color has-font-color-color\" style=\"color:#3A3A3A;width:60px;padding-top:0;padding-right:0;padding-bottom:0;padding-left:0;border-radius:100px\"><svg xmlns=\"http:\/\/www.w3.org\/2000\/svg\" viewBox=\"0 0 24 24\" aria-hidden=\"true\"><path d=\"M13 5c-3.3 0-6 2.7-6 6 0 1.4.5 2.7 1.3 3.7l-3.8 3.8 1.1 1.1 3.8-3.8c1 .8 2.3 1.3 3.7 1.3 3.3 0 6-2.7 6-6S16.3 5 13 5zm0 10.5c-2.5 0-4.5-2-4.5-4.5s2-4.5 4.5-4.5 4.5 2 4.5 4.5-2 4.5-4.5 4.5z\"><\/path><\/svg><\/div><\/div>\n\n\n\n<h2 class=\"wp-block-heading\">Maximale SEO<\/h2>\n\n\n\n<p>Das Theme ist durch den performanten und fehlerfreien Aufbau besonders SEO-freundlich.<\/p>\n<\/div>\n\n\n\n<div class=\"wp-block-group has-global-padding is-layout-constrained wp-container-core-group-is-layout-0986e329 wp-block-group-is-layout-constrained\" style=\"min-height:0%;padding-top:0;padding-right:0px;padding-bottom:0;padding-left:0px\">\n<div class=\"wp-block-outermost-icon-block items-justified-center\"><div class=\"icon-container has-icon-color has-font-color-color\" style=\"color:#3A3A3A;width:60px;padding-top:0;padding-right:0;padding-bottom:0;padding-left:0;border-radius:100px\"><svg viewBox=\"0 0 24 24\" xmlns=\"http:\/\/www.w3.org\/2000\/svg\" aria-hidden=\"true\"><path d=\"M19 3H5c-1.1 0-2 .9-2 2v14c0 1.1.9 2 2 2h14c1.1 0 2-.9 2-2V5c0-1.1-.9-2-2-2zM5 4.5h14c.3 0 .5.2.5.5v8.4l-3-2.9c-.3-.3-.8-.3-1 0L11.9 14 9 12c-.3-.2-.6-.2-.8 0l-3.6 2.6V5c-.1-.3.1-.5.4-.5zm14 15H5c-.3 0-.5-.2-.5-.5v-2.4l4.1-3 3 1.9c.3.2.7.2.9-.1L16 12l3.5 3.4V19c0 .3-.2.5-.5.5z\"><\/path><\/svg><\/div><\/div>\n\n\n\n<h2 class=\"wp-block-heading\">KI Bilder<\/h2>\n\n\n\n<p>Auf dieser Demoseite werden KI generierte Bilder verwendet. Diese wurden durch unsere Agentur erstellt.<\/p>\n<\/div>\n\n\n\n<div class=\"wp-block-group has-global-padding is-layout-constrained wp-container-core-group-is-layout-0986e329 wp-block-group-is-layout-constrained\" style=\"min-height:0%;padding-top:0;padding-right:0px;padding-bottom:0;padding-left:0px\">\n<div class=\"wp-block-outermost-icon-block items-justified-center\"><div class=\"icon-container has-icon-color has-font-color-color\" style=\"color:#3A3A3A;width:60px;padding-top:0;padding-right:0;padding-bottom:0;padding-left:0;border-radius:100px\"><svg xmlns=\"http:\/\/www.w3.org\/2000\/svg\" viewBox=\"0 0 24 24\" aria-hidden=\"true\"><path d=\"M16.7 7.1l-6.3 8.5-3.3-2.5-.9 1.2 4.5 3.4L17.9 8z\"><\/path><\/svg><\/div><\/div>\n\n\n\n<h2 class=\"wp-block-heading\">100% Swiss Made<\/h2>\n\n\n\n<p>Das Block-Theme wurde im Kanton Zug von der Webagentur Webgarten GmbH entwickelt.<\/p>\n<\/div>\n\n\n\n<div class=\"wp-block-group has-global-padding is-layout-constrained wp-container-core-group-is-layout-0986e329 wp-block-group-is-layout-constrained\" style=\"min-height:0%;padding-top:0;padding-right:0px;padding-bottom:0;padding-left:0px\">\n<div class=\"wp-block-outermost-icon-block items-justified-center\"><div class=\"icon-container has-icon-color has-font-color-color\" style=\"color:#3A3A3A;width:60px;padding-top:0;padding-right:0;padding-bottom:0;padding-left:0;border-radius:100px\"><svg xmlns=\"http:\/\/www.w3.org\/2000\/svg\" viewBox=\"0 0 24 24\" aria-hidden=\"true\"><path d=\"M5.5 12h1.75l-2.5 3-2.5-3H4a8 8 0 113.134 6.35l.907-1.194A6.5 6.5 0 105.5 12zm9.53 1.97l-2.28-2.28V8.5a.75.75 0 00-1.5 0V12a.747.747 0 00.218.529l1.282-.84-1.28.842 2.5 2.5a.75.75 0 101.06-1.061z\"><\/path><\/svg><\/div><\/div>\n\n\n\n<h2 class=\"wp-block-heading\">Sicher und Updatef\u00e4hig<\/h2>\n\n\n\n<p>Die Entwicklung der neuen FSE-Themes und des Block-Editors schreitet schnell voran. Mit diesen Themes ist man bestens ger\u00fcstet.<\/p>\n<\/div>\n<\/div>\n\n\n\n<div style=\"height:5vw\" aria-hidden=\"true\" class=\"wp-block-spacer\"><\/div>\n","protected":false},"excerpt":{"rendered":"<p>\u00dcber dieses Theme Tokyo ist das WordPress Block-Theme aus unserer Webagentur, welches speziell f\u00fcr Dienstleistungs-Betriebe gemacht wurde. Das minimale Design l\u00e4sst sich durch Farbe, Schrift und Bilder vielseitig anpassen. Ideal f\u00fcr Banken, Versicherung, Verlage, Medien, Pharma, Anwaltskanzleien, Medizinaltechnik, Autoren von B\u00fcchern, Gesundheitswesen und Spit\u00e4ler. FSE-Block-Theme Dabei handelt es sich um die neueste Technik f\u00fcr Full [&hellip;]<\/p>\n","protected":false},"author":1,"featured_media":0,"parent":0,"menu_order":5,"comment_status":"closed","ping_status":"closed","template":"","meta":{"footnotes":""},"class_list":["post-83","page","type-page","status-publish","hentry"],"yoast_head":"<!-- This site is optimized with the Yoast SEO plugin v27.5 - https:\/\/yoast.com\/product\/yoast-seo-wordpress\/ -->\n<title>Tokyo ist ein FSE-Block-Theme f\u00fcr Dienstleistungs-Betriebe<\/title>\n<meta name=\"description\" content=\"Dieses WordPress Full Site Editing Theme zeichnet sich durch maximale PageSpeed Performance, SEO, PureCSS und Swiss Qualit\u00e4t aus.\" \/>\n<meta name=\"robots\" content=\"index, follow, max-snippet:-1, max-image-preview:large, max-video-preview:-1\" \/>\n<link rel=\"canonical\" href=\"https:\/\/themes.webgarten.ch\/tokyo\/ueber-dieses-theme\/\" \/>\n<meta property=\"og:type\" content=\"article\" \/>\n<meta property=\"og:title\" content=\"Tokyo ist ein FSE-Block-Theme f\u00fcr Dienstleistungs-Betriebe\" \/>\n<meta property=\"og:description\" content=\"Dieses WordPress Full Site Editing Theme zeichnet sich durch maximale PageSpeed Performance, SEO, PureCSS und Swiss Qualit\u00e4t aus.\" \/>\n<meta property=\"og:url\" content=\"https:\/\/themes.webgarten.ch\/tokyo\/ueber-dieses-theme\/\" \/>\n<meta property=\"og:site_name\" content=\"Tokyo Demo\" \/>\n<meta property=\"article:publisher\" content=\"https:\/\/www.facebook.com\/webgarten\" \/>\n<meta property=\"article:modified_time\" content=\"2024-02-23T10:11:08+00:00\" \/>\n<meta name=\"twitter:card\" content=\"summary_large_image\" \/>\n<meta name=\"twitter:site\" content=\"@WebgartenGmbH\" \/>\n<meta name=\"twitter:label1\" content=\"Gesch\u00e4tzte Lesezeit\" \/>\n\t<meta name=\"twitter:data1\" content=\"2\u00a0Minuten\" \/>\n<script type=\"application\/ld+json\" class=\"yoast-schema-graph\">{\"@context\":\"https:\\\/\\\/schema.org\",\"@graph\":[{\"@type\":\"WebPage\",\"@id\":\"https:\\\/\\\/themes.webgarten.ch\\\/tokyo\\\/ueber-dieses-theme\\\/\",\"url\":\"https:\\\/\\\/themes.webgarten.ch\\\/tokyo\\\/ueber-dieses-theme\\\/\",\"name\":\"Tokyo ist ein FSE-Block-Theme f\u00fcr Dienstleistungs-Betriebe\",\"isPartOf\":{\"@id\":\"https:\\\/\\\/themes.webgarten.ch\\\/tokyo\\\/#website\"},\"datePublished\":\"2024-02-20T07:09:18+00:00\",\"dateModified\":\"2024-02-23T10:11:08+00:00\",\"description\":\"Dieses WordPress Full Site Editing Theme zeichnet sich durch maximale PageSpeed Performance, SEO, PureCSS und Swiss Qualit\u00e4t aus.\",\"breadcrumb\":{\"@id\":\"https:\\\/\\\/themes.webgarten.ch\\\/tokyo\\\/ueber-dieses-theme\\\/#breadcrumb\"},\"inLanguage\":\"de-CH\",\"potentialAction\":[{\"@type\":\"ReadAction\",\"target\":[\"https:\\\/\\\/themes.webgarten.ch\\\/tokyo\\\/ueber-dieses-theme\\\/\"]}]},{\"@type\":\"BreadcrumbList\",\"@id\":\"https:\\\/\\\/themes.webgarten.ch\\\/tokyo\\\/ueber-dieses-theme\\\/#breadcrumb\",\"itemListElement\":[{\"@type\":\"ListItem\",\"position\":1,\"name\":\"Home\",\"item\":\"https:\\\/\\\/themes.webgarten.ch\\\/tokyo\\\/\"},{\"@type\":\"ListItem\",\"position\":2,\"name\":\"\u00dcber dieses Theme\"}]},{\"@type\":\"WebSite\",\"@id\":\"https:\\\/\\\/themes.webgarten.ch\\\/tokyo\\\/#website\",\"url\":\"https:\\\/\\\/themes.webgarten.ch\\\/tokyo\\\/\",\"name\":\"Tokyo Demo\",\"description\":\"\",\"publisher\":{\"@id\":\"https:\\\/\\\/themes.webgarten.ch\\\/tokyo\\\/#organization\"},\"potentialAction\":[{\"@type\":\"SearchAction\",\"target\":{\"@type\":\"EntryPoint\",\"urlTemplate\":\"https:\\\/\\\/themes.webgarten.ch\\\/tokyo\\\/?s={search_term_string}\"},\"query-input\":{\"@type\":\"PropertyValueSpecification\",\"valueRequired\":true,\"valueName\":\"search_term_string\"}}],\"inLanguage\":\"de-CH\"},{\"@type\":\"Organization\",\"@id\":\"https:\\\/\\\/themes.webgarten.ch\\\/tokyo\\\/#organization\",\"name\":\"Webgarten GmbH\",\"url\":\"https:\\\/\\\/themes.webgarten.ch\\\/tokyo\\\/\",\"logo\":{\"@type\":\"ImageObject\",\"inLanguage\":\"de-CH\",\"@id\":\"https:\\\/\\\/themes.webgarten.ch\\\/tokyo\\\/#\\\/schema\\\/logo\\\/image\\\/\",\"url\":\"https:\\\/\\\/themes.webgarten.ch\\\/tokyo\\\/wp-content\\\/uploads\\\/2024\\\/02\\\/logo-tokyo-black.svg\",\"contentUrl\":\"https:\\\/\\\/themes.webgarten.ch\\\/tokyo\\\/wp-content\\\/uploads\\\/2024\\\/02\\\/logo-tokyo-black.svg\",\"width\":92,\"height\":78,\"caption\":\"Webgarten GmbH\"},\"image\":{\"@id\":\"https:\\\/\\\/themes.webgarten.ch\\\/tokyo\\\/#\\\/schema\\\/logo\\\/image\\\/\"},\"sameAs\":[\"https:\\\/\\\/www.facebook.com\\\/webgarten\",\"https:\\\/\\\/x.com\\\/WebgartenGmbH\",\"https:\\\/\\\/www.linkedin.com\\\/company\\\/webgarten-gmbh\"]}]}<\/script>\n<!-- \/ Yoast SEO plugin. -->","yoast_head_json":{"title":"Tokyo ist ein FSE-Block-Theme f\u00fcr Dienstleistungs-Betriebe","description":"Dieses WordPress Full Site Editing Theme zeichnet sich durch maximale PageSpeed Performance, SEO, PureCSS und Swiss Qualit\u00e4t aus.","robots":{"index":"index","follow":"follow","max-snippet":"max-snippet:-1","max-image-preview":"max-image-preview:large","max-video-preview":"max-video-preview:-1"},"canonical":"https:\/\/themes.webgarten.ch\/tokyo\/ueber-dieses-theme\/","og_type":"article","og_title":"Tokyo ist ein FSE-Block-Theme f\u00fcr Dienstleistungs-Betriebe","og_description":"Dieses WordPress Full Site Editing Theme zeichnet sich durch maximale PageSpeed Performance, SEO, PureCSS und Swiss Qualit\u00e4t aus.","og_url":"https:\/\/themes.webgarten.ch\/tokyo\/ueber-dieses-theme\/","og_site_name":"Tokyo Demo","article_publisher":"https:\/\/www.facebook.com\/webgarten","article_modified_time":"2024-02-23T10:11:08+00:00","twitter_card":"summary_large_image","twitter_site":"@WebgartenGmbH","twitter_misc":{"Gesch\u00e4tzte Lesezeit":"2\u00a0Minuten"},"schema":{"@context":"https:\/\/schema.org","@graph":[{"@type":"WebPage","@id":"https:\/\/themes.webgarten.ch\/tokyo\/ueber-dieses-theme\/","url":"https:\/\/themes.webgarten.ch\/tokyo\/ueber-dieses-theme\/","name":"Tokyo ist ein FSE-Block-Theme f\u00fcr Dienstleistungs-Betriebe","isPartOf":{"@id":"https:\/\/themes.webgarten.ch\/tokyo\/#website"},"datePublished":"2024-02-20T07:09:18+00:00","dateModified":"2024-02-23T10:11:08+00:00","description":"Dieses WordPress Full Site Editing Theme zeichnet sich durch maximale PageSpeed Performance, SEO, PureCSS und Swiss Qualit\u00e4t aus.","breadcrumb":{"@id":"https:\/\/themes.webgarten.ch\/tokyo\/ueber-dieses-theme\/#breadcrumb"},"inLanguage":"de-CH","potentialAction":[{"@type":"ReadAction","target":["https:\/\/themes.webgarten.ch\/tokyo\/ueber-dieses-theme\/"]}]},{"@type":"BreadcrumbList","@id":"https:\/\/themes.webgarten.ch\/tokyo\/ueber-dieses-theme\/#breadcrumb","itemListElement":[{"@type":"ListItem","position":1,"name":"Home","item":"https:\/\/themes.webgarten.ch\/tokyo\/"},{"@type":"ListItem","position":2,"name":"\u00dcber dieses Theme"}]},{"@type":"WebSite","@id":"https:\/\/themes.webgarten.ch\/tokyo\/#website","url":"https:\/\/themes.webgarten.ch\/tokyo\/","name":"Tokyo Demo","description":"","publisher":{"@id":"https:\/\/themes.webgarten.ch\/tokyo\/#organization"},"potentialAction":[{"@type":"SearchAction","target":{"@type":"EntryPoint","urlTemplate":"https:\/\/themes.webgarten.ch\/tokyo\/?s={search_term_string}"},"query-input":{"@type":"PropertyValueSpecification","valueRequired":true,"valueName":"search_term_string"}}],"inLanguage":"de-CH"},{"@type":"Organization","@id":"https:\/\/themes.webgarten.ch\/tokyo\/#organization","name":"Webgarten GmbH","url":"https:\/\/themes.webgarten.ch\/tokyo\/","logo":{"@type":"ImageObject","inLanguage":"de-CH","@id":"https:\/\/themes.webgarten.ch\/tokyo\/#\/schema\/logo\/image\/","url":"https:\/\/themes.webgarten.ch\/tokyo\/wp-content\/uploads\/2024\/02\/logo-tokyo-black.svg","contentUrl":"https:\/\/themes.webgarten.ch\/tokyo\/wp-content\/uploads\/2024\/02\/logo-tokyo-black.svg","width":92,"height":78,"caption":"Webgarten GmbH"},"image":{"@id":"https:\/\/themes.webgarten.ch\/tokyo\/#\/schema\/logo\/image\/"},"sameAs":["https:\/\/www.facebook.com\/webgarten","https:\/\/x.com\/WebgartenGmbH","https:\/\/www.linkedin.com\/company\/webgarten-gmbh"]}]}},"_links":{"self":[{"href":"https:\/\/themes.webgarten.ch\/tokyo\/wp-json\/wp\/v2\/pages\/83","targetHints":{"allow":["GET"]}}],"collection":[{"href":"https:\/\/themes.webgarten.ch\/tokyo\/wp-json\/wp\/v2\/pages"}],"about":[{"href":"https:\/\/themes.webgarten.ch\/tokyo\/wp-json\/wp\/v2\/types\/page"}],"author":[{"embeddable":true,"href":"https:\/\/themes.webgarten.ch\/tokyo\/wp-json\/wp\/v2\/users\/1"}],"replies":[{"embeddable":true,"href":"https:\/\/themes.webgarten.ch\/tokyo\/wp-json\/wp\/v2\/comments?post=83"}],"version-history":[{"count":35,"href":"https:\/\/themes.webgarten.ch\/tokyo\/wp-json\/wp\/v2\/pages\/83\/revisions"}],"predecessor-version":[{"id":502,"href":"https:\/\/themes.webgarten.ch\/tokyo\/wp-json\/wp\/v2\/pages\/83\/revisions\/502"}],"wp:attachment":[{"href":"https:\/\/themes.webgarten.ch\/tokyo\/wp-json\/wp\/v2\/media?parent=83"}],"curies":[{"name":"wp","href":"https:\/\/api.w.org\/{rel}","templated":true}]}}