{"id":92,"date":"2024-02-10T09:07:10","date_gmt":"2024-02-10T08:07:10","guid":{"rendered":"https:\/\/themes.webgarten.ch\/milano\/?page_id=92"},"modified":"2024-02-16T09:08:23","modified_gmt":"2024-02-16T08:08:23","slug":"uber-dieses-theme","status":"publish","type":"page","link":"https:\/\/themes.webgarten.ch\/milano\/uber-dieses-theme\/","title":{"rendered":"\u00dcber dieses Theme"},"content":{"rendered":"\n<div style=\"height:15px\" aria-hidden=\"true\" class=\"wp-block-spacer\"><\/div>\n\n\n\n<div class=\"wp-block-group has-global-padding is-layout-constrained wp-container-core-group-is-layout-704e782a wp-block-group-is-layout-constrained\">\n<h1 class=\"wp-block-heading has-text-align-center\">\u00dcber dieses Theme<\/h1>\n\n\n\n<div style=\"height:2px\" aria-hidden=\"true\" class=\"wp-block-spacer\"><\/div>\n\n\n\n<p class=\"has-text-align-center has-medium-font-size\">Milano ist das WordPress Block-Theme aus unserer Webagentur, welches <strong>speziell f\u00fcr Mode, Fashion und Design<\/strong> gemacht wurde. Das minimale Design l\u00e4sst sich durch Farbe, Schrift und Bilder vielseitig anpassen. Ideal f\u00fcr Designer, Models, Boutiquen, Bijouterie, Juweliere, Fotografen, Schauspieler, K\u00fcnstler und Architekten.<\/p>\n<\/div>\n\n\n\n<div style=\"height:1vw\" aria-hidden=\"true\" class=\"wp-block-spacer\"><\/div>\n\n\n\n<div class=\"wp-block-group grid-layout has-global-padding is-layout-constrained wp-block-group-is-layout-constrained\">\n<div class=\"wp-block-group has-global-padding is-layout-constrained wp-container-core-group-is-layout-0986e329 wp-block-group-is-layout-constrained\" style=\"min-height:0%;padding-top:0;padding-right:0px;padding-bottom:0;padding-left:0px\">\n<div class=\"wp-block-outermost-icon-block items-justified-center\"><div class=\"icon-container has-icon-color has-custom-fontcolor-color\" style=\"color:#493222;width:60px;padding-top:0;padding-right:0;padding-bottom:0;padding-left:0;border-radius:100px\"><svg xmlns=\"http:\/\/www.w3.org\/2000\/svg\" viewBox=\"0 0 24 24\" aria-hidden=\"true\"><path d=\"M19 8h-1V6h-5v2h-2V6H6v2H5c-1.1 0-2 .9-2 2v8c0 1.1.9 2 2 2h14c1.1 0 2-.9 2-2v-8c0-1.1-.9-2-2-2zm.5 10c0 .3-.2.5-.5.5H5c-.3 0-.5-.2-.5-.5v-8c0-.3.2-.5.5-.5h14c.3 0 .5.2.5.5v8z\"><\/path><\/svg><\/div><\/div>\n\n\n\n<h2 class=\"wp-block-heading\">FSE-Block-Theme<\/h2>\n\n\n\n<p>Dabei handelt es sich um die <strong>neueste Technik<\/strong> f\u00fcr Full Site Edtiting Themes von WordPress. Es wird <strong>kein Page Builder<\/strong> Plugin ben\u00f6tigt. <\/p>\n<\/div>\n\n\n\n<div class=\"wp-block-group has-global-padding is-layout-constrained wp-container-core-group-is-layout-0986e329 wp-block-group-is-layout-constrained\" style=\"min-height:0%;padding-top:0;padding-right:0px;padding-bottom:0;padding-left:0px\">\n<div class=\"wp-block-outermost-icon-block items-justified-center\"><div class=\"icon-container has-icon-color has-custom-fontcolor-color\" style=\"color:#493222;width:60px;padding-top:0;padding-right:0;padding-bottom:0;padding-left:0;border-radius:100px\"><svg xmlns=\"http:\/\/www.w3.org\/2000\/svg\" viewBox=\"0 0 24 24\" aria-hidden=\"true\"><path d=\"M3.445 16.505a.75.75 0 001.06.05l5.005-4.55 4.024 3.521 4.716-4.715V14h1.5V8.25H14v1.5h3.19l-3.724 3.723L9.49 9.995l-5.995 5.45a.75.75 0 00-.05 1.06z\"><\/path><\/svg><\/div><\/div>\n\n\n\n<h2 class=\"wp-block-heading\">PageSpeed 4&#215;100<\/h2>\n\n\n\n<p>Sauber gebaute FSE-Themes sind extrem performant. Dank neuartigem minimalem Block bezogenem Inline CSS. <\/p>\n\n\n\n<p><a href=\"https:\/\/pagespeed.web.dev\/analysis\/https-themes-webgarten-ch-milano\/vjl5fkxvtd?form_factor=mobile\" target=\"_blank\" rel=\"noreferrer noopener nofollow\">Zur Google Wertung!<\/a><\/p>\n<\/div>\n\n\n\n<div class=\"wp-block-group has-global-padding is-layout-constrained wp-container-core-group-is-layout-0986e329 wp-block-group-is-layout-constrained\" style=\"min-height:0%;padding-top:0;padding-right:0px;padding-bottom:0;padding-left:0px\">\n<div class=\"wp-block-outermost-icon-block items-justified-center\"><div class=\"icon-container has-icon-color has-custom-fontcolor-color\" style=\"color:#493222;width:60px;padding-top:0;padding-right:0;padding-bottom:0;padding-left:0;border-radius:100px\"><svg xmlns=\"http:\/\/www.w3.org\/2000\/svg\" viewBox=\"0 0 24 24\" aria-hidden=\"true\"><path d=\"M18 5.5H6a.5.5 0 00-.5.5v3h13V6a.5.5 0 00-.5-.5zm.5 5H10v8h8a.5.5 0 00.5-.5v-7.5zm-10 0h-3V18a.5.5 0 00.5.5h2.5v-8zM6 4h12a2 2 0 012 2v12a2 2 0 01-2 2H6a2 2 0 01-2-2V6a2 2 0 012-2z\"><\/path><\/svg><\/div><\/div>\n\n\n\n<h2 class=\"wp-block-heading\">Layout Grid Pattern<\/h2>\n\n\n\n<p>Das Theme enth\u00e4lt eine zus\u00e4tzliche Vorlage f\u00fcr Layout Grids, welche zum Beispiel f\u00fcr diese Bl\u00f6cke verwendet wird. <\/p>\n<\/div>\n\n\n\n<div class=\"wp-block-group has-global-padding is-layout-constrained wp-container-core-group-is-layout-0986e329 wp-block-group-is-layout-constrained\" style=\"min-height:0%;padding-top:0;padding-right:0px;padding-bottom:0;padding-left:0px\">\n<div class=\"wp-block-outermost-icon-block items-justified-center\"><div class=\"icon-container has-icon-color has-custom-fontcolor-color\" style=\"color:#493222;width:60px;padding-top:0;padding-right:0;padding-bottom:0;padding-left:0;border-radius:100px\"><svg viewBox=\"0 0 24 24\" xmlns=\"http:\/\/www.w3.org\/2000\/svg\" aria-hidden=\"true\"><path d=\"M20.8 10.7l-4.3-4.3-1.1 1.1 4.3 4.3c.1.1.1.3 0 .4l-4.3 4.3 1.1 1.1 4.3-4.3c.7-.8.7-1.9 0-2.6zM4.2 11.8l4.3-4.3-1-1-4.3 4.3c-.7.7-.7 1.8 0 2.5l4.3 4.3 1.1-1.1-4.3-4.3c-.2-.1-.2-.3-.1-.4z\"><\/path><\/svg><\/div><\/div>\n\n\n\n<h2 class=\"wp-block-heading\">PureCSS<\/h2>\n\n\n\n<p>Das Theme verzichtet auf zus\u00e4tzliches JavaScript. Scroll und Hover Animationen wurden mit modernem CSS erstellt.  <\/p>\n<\/div>\n\n\n\n<div class=\"wp-block-group has-global-padding is-layout-constrained wp-container-core-group-is-layout-0986e329 wp-block-group-is-layout-constrained\" style=\"min-height:0%;padding-top:0;padding-right:0px;padding-bottom:0;padding-left:0px\">\n<div class=\"wp-block-outermost-icon-block items-justified-center\"><div class=\"icon-container has-icon-color has-custom-fontcolor-color\" style=\"color:#493222;width:60px;padding-top:0;padding-right:0;padding-bottom:0;padding-left:0;border-radius:100px\"><svg xmlns=\"http:\/\/www.w3.org\/2000\/svg\" viewBox=\"0 0 24 24\" aria-hidden=\"true\"><path d=\"M13 5c-3.3 0-6 2.7-6 6 0 1.4.5 2.7 1.3 3.7l-3.8 3.8 1.1 1.1 3.8-3.8c1 .8 2.3 1.3 3.7 1.3 3.3 0 6-2.7 6-6S16.3 5 13 5zm0 10.5c-2.5 0-4.5-2-4.5-4.5s2-4.5 4.5-4.5 4.5 2 4.5 4.5-2 4.5-4.5 4.5z\"><\/path><\/svg><\/div><\/div>\n\n\n\n<h2 class=\"wp-block-heading\">Maximale SEO<\/h2>\n\n\n\n<p>Das Theme ist durch den performanten und fehlerfreien Aufbau besonders SEO-freundlich.<\/p>\n<\/div>\n\n\n\n<div class=\"wp-block-group has-global-padding is-layout-constrained wp-container-core-group-is-layout-0986e329 wp-block-group-is-layout-constrained\" style=\"min-height:0%;padding-top:0;padding-right:0px;padding-bottom:0;padding-left:0px\">\n<div class=\"wp-block-outermost-icon-block items-justified-center\"><div class=\"icon-container has-icon-color has-custom-fontcolor-color\" style=\"color:#493222;width:60px;padding-top:0;padding-right:0;padding-bottom:0;padding-left:0;border-radius:100px\"><svg viewBox=\"0 0 24 24\" xmlns=\"http:\/\/www.w3.org\/2000\/svg\" aria-hidden=\"true\"><path d=\"M19 3H5c-1.1 0-2 .9-2 2v14c0 1.1.9 2 2 2h14c1.1 0 2-.9 2-2V5c0-1.1-.9-2-2-2zM5 4.5h14c.3 0 .5.2.5.5v8.4l-3-2.9c-.3-.3-.8-.3-1 0L11.9 14 9 12c-.3-.2-.6-.2-.8 0l-3.6 2.6V5c-.1-.3.1-.5.4-.5zm14 15H5c-.3 0-.5-.2-.5-.5v-2.4l4.1-3 3 1.9c.3.2.7.2.9-.1L16 12l3.5 3.4V19c0 .3-.2.5-.5.5z\"><\/path><\/svg><\/div><\/div>\n\n\n\n<h2 class=\"wp-block-heading\">KI Bilder<\/h2>\n\n\n\n<p>Auf dieser Demoseite werden KI generierte Bilder verwendet. Diese wurden durch unsere Agentur erstellt.<\/p>\n<\/div>\n\n\n\n<div class=\"wp-block-group has-global-padding is-layout-constrained wp-container-core-group-is-layout-0986e329 wp-block-group-is-layout-constrained\" style=\"min-height:0%;padding-top:0;padding-right:0px;padding-bottom:0;padding-left:0px\">\n<div class=\"wp-block-outermost-icon-block items-justified-center\"><div class=\"icon-container has-icon-color has-custom-fontcolor-color\" style=\"color:#493222;width:60px;padding-top:0;padding-right:0;padding-bottom:0;padding-left:0;border-radius:100px\"><svg xmlns=\"http:\/\/www.w3.org\/2000\/svg\" viewBox=\"0 0 24 24\" aria-hidden=\"true\"><path d=\"M16.7 7.1l-6.3 8.5-3.3-2.5-.9 1.2 4.5 3.4L17.9 8z\"><\/path><\/svg><\/div><\/div>\n\n\n\n<h2 class=\"wp-block-heading\">100% Swiss Made<\/h2>\n\n\n\n<p>Das Block-Theme wurde im Kanton Zug von der Webagentur Webgarten GmbH entwickelt.<\/p>\n<\/div>\n\n\n\n<div class=\"wp-block-group has-global-padding is-layout-constrained wp-container-core-group-is-layout-0986e329 wp-block-group-is-layout-constrained\" style=\"min-height:0%;padding-top:0;padding-right:0px;padding-bottom:0;padding-left:0px\">\n<div class=\"wp-block-outermost-icon-block items-justified-center\"><div class=\"icon-container has-icon-color has-custom-fontcolor-color\" style=\"color:#493222;width:60px;padding-top:0;padding-right:0;padding-bottom:0;padding-left:0;border-radius:100px\"><svg xmlns=\"http:\/\/www.w3.org\/2000\/svg\" viewBox=\"0 0 24 24\" aria-hidden=\"true\"><path d=\"M5.5 12h1.75l-2.5 3-2.5-3H4a8 8 0 113.134 6.35l.907-1.194A6.5 6.5 0 105.5 12zm9.53 1.97l-2.28-2.28V8.5a.75.75 0 00-1.5 0V12a.747.747 0 00.218.529l1.282-.84-1.28.842 2.5 2.5a.75.75 0 101.06-1.061z\"><\/path><\/svg><\/div><\/div>\n\n\n\n<h2 class=\"wp-block-heading\">Sicher und Updatef\u00e4hig<\/h2>\n\n\n\n<p>Die Entwicklung der neuen FSE-Themes und des Block-Editors schreitet schnell voran. Mit diesen Themes ist man bestens ger\u00fcstet.<\/p>\n<\/div>\n<\/div>\n\n\n\n<div style=\"height:3vw\" aria-hidden=\"true\" class=\"wp-block-spacer\"><\/div>\n","protected":false},"excerpt":{"rendered":"<p>\u00dcber dieses Theme Milano ist das WordPress Block-Theme aus unserer Webagentur, welches speziell f\u00fcr Mode, Fashion und Design gemacht wurde. Das minimale Design l\u00e4sst sich durch Farbe, Schrift und Bilder vielseitig anpassen. Ideal f\u00fcr Designer, Models, Boutiquen, Bijouterie, Juweliere, Fotografen, Schauspieler, K\u00fcnstler und Architekten. FSE-Block-Theme Dabei handelt es sich um die neueste Technik f\u00fcr Full [&hellip;]<\/p>\n","protected":false},"author":1,"featured_media":0,"parent":0,"menu_order":5,"comment_status":"closed","ping_status":"closed","template":"","meta":{"footnotes":""},"class_list":["post-92","page","type-page","status-publish","hentry"],"yoast_head":"<!-- This site is optimized with the Yoast SEO plugin v27.5 - https:\/\/yoast.com\/product\/yoast-seo-wordpress\/ -->\n<title>Milano ist ein FSE-Block-Theme f\u00fcr Mode und Fashion<\/title>\n<meta name=\"description\" content=\"Dieses WordPress Full Site Editing Theme zeichnet sich durch maximale PageSpeed Performance, SEO, PureCSS und Swiss Qualit\u00e4t aus.\" \/>\n<meta name=\"robots\" content=\"index, follow, max-snippet:-1, max-image-preview:large, max-video-preview:-1\" \/>\n<link rel=\"canonical\" href=\"https:\/\/themes.webgarten.ch\/milano\/uber-dieses-theme\/\" \/>\n<meta property=\"og:type\" content=\"article\" \/>\n<meta property=\"og:title\" content=\"Milano ist ein FSE-Block-Theme f\u00fcr Mode und Fashion\" \/>\n<meta property=\"og:description\" content=\"Dieses WordPress Full Site Editing Theme zeichnet sich durch maximale PageSpeed Performance, SEO, PureCSS und Swiss Qualit\u00e4t aus.\" \/>\n<meta property=\"og:url\" content=\"https:\/\/themes.webgarten.ch\/milano\/uber-dieses-theme\/\" \/>\n<meta property=\"og:site_name\" content=\"Milano Demo\" \/>\n<meta property=\"article:publisher\" content=\"https:\/\/www.facebook.com\/webgarten\" \/>\n<meta property=\"article:modified_time\" content=\"2024-02-16T08:08:23+00:00\" \/>\n<meta name=\"twitter:card\" content=\"summary_large_image\" \/>\n<meta name=\"twitter:site\" content=\"@WebgartenGmbH\" \/>\n<meta name=\"twitter:label1\" content=\"Gesch\u00e4tzte Lesezeit\" \/>\n\t<meta name=\"twitter:data1\" content=\"2\u00a0Minuten\" \/>\n<script type=\"application\/ld+json\" class=\"yoast-schema-graph\">{\"@context\":\"https:\\\/\\\/schema.org\",\"@graph\":[{\"@type\":\"WebPage\",\"@id\":\"https:\\\/\\\/themes.webgarten.ch\\\/milano\\\/uber-dieses-theme\\\/\",\"url\":\"https:\\\/\\\/themes.webgarten.ch\\\/milano\\\/uber-dieses-theme\\\/\",\"name\":\"Milano ist ein FSE-Block-Theme f\u00fcr Mode und Fashion\",\"isPartOf\":{\"@id\":\"https:\\\/\\\/themes.webgarten.ch\\\/milano\\\/#website\"},\"datePublished\":\"2024-02-10T08:07:10+00:00\",\"dateModified\":\"2024-02-16T08:08:23+00:00\",\"description\":\"Dieses WordPress Full Site Editing Theme zeichnet sich durch maximale PageSpeed Performance, SEO, PureCSS und Swiss Qualit\u00e4t aus.\",\"breadcrumb\":{\"@id\":\"https:\\\/\\\/themes.webgarten.ch\\\/milano\\\/uber-dieses-theme\\\/#breadcrumb\"},\"inLanguage\":\"de-CH\",\"potentialAction\":[{\"@type\":\"ReadAction\",\"target\":[\"https:\\\/\\\/themes.webgarten.ch\\\/milano\\\/uber-dieses-theme\\\/\"]}]},{\"@type\":\"BreadcrumbList\",\"@id\":\"https:\\\/\\\/themes.webgarten.ch\\\/milano\\\/uber-dieses-theme\\\/#breadcrumb\",\"itemListElement\":[{\"@type\":\"ListItem\",\"position\":1,\"name\":\"Home\",\"item\":\"https:\\\/\\\/themes.webgarten.ch\\\/milano\\\/\"},{\"@type\":\"ListItem\",\"position\":2,\"name\":\"\u00dcber dieses Theme\"}]},{\"@type\":\"WebSite\",\"@id\":\"https:\\\/\\\/themes.webgarten.ch\\\/milano\\\/#website\",\"url\":\"https:\\\/\\\/themes.webgarten.ch\\\/milano\\\/\",\"name\":\"Milano Theme\",\"description\":\"\",\"publisher\":{\"@id\":\"https:\\\/\\\/themes.webgarten.ch\\\/milano\\\/#organization\"},\"potentialAction\":[{\"@type\":\"SearchAction\",\"target\":{\"@type\":\"EntryPoint\",\"urlTemplate\":\"https:\\\/\\\/themes.webgarten.ch\\\/milano\\\/?s={search_term_string}\"},\"query-input\":{\"@type\":\"PropertyValueSpecification\",\"valueRequired\":true,\"valueName\":\"search_term_string\"}}],\"inLanguage\":\"de-CH\"},{\"@type\":\"Organization\",\"@id\":\"https:\\\/\\\/themes.webgarten.ch\\\/milano\\\/#organization\",\"name\":\"Milano Theme\",\"url\":\"https:\\\/\\\/themes.webgarten.ch\\\/milano\\\/\",\"logo\":{\"@type\":\"ImageObject\",\"inLanguage\":\"de-CH\",\"@id\":\"https:\\\/\\\/themes.webgarten.ch\\\/milano\\\/#\\\/schema\\\/logo\\\/image\\\/\",\"url\":\"https:\\\/\\\/themes.webgarten.ch\\\/milano\\\/wp-content\\\/uploads\\\/2024\\\/02\\\/logo.svg\",\"contentUrl\":\"https:\\\/\\\/themes.webgarten.ch\\\/milano\\\/wp-content\\\/uploads\\\/2024\\\/02\\\/logo.svg\",\"width\":92,\"height\":78,\"caption\":\"Milano Theme\"},\"image\":{\"@id\":\"https:\\\/\\\/themes.webgarten.ch\\\/milano\\\/#\\\/schema\\\/logo\\\/image\\\/\"},\"sameAs\":[\"https:\\\/\\\/www.facebook.com\\\/webgarten\",\"https:\\\/\\\/x.com\\\/WebgartenGmbH\"]}]}<\/script>\n<!-- \/ Yoast SEO plugin. -->","yoast_head_json":{"title":"Milano ist ein FSE-Block-Theme f\u00fcr Mode und Fashion","description":"Dieses WordPress Full Site Editing Theme zeichnet sich durch maximale PageSpeed Performance, SEO, PureCSS und Swiss Qualit\u00e4t aus.","robots":{"index":"index","follow":"follow","max-snippet":"max-snippet:-1","max-image-preview":"max-image-preview:large","max-video-preview":"max-video-preview:-1"},"canonical":"https:\/\/themes.webgarten.ch\/milano\/uber-dieses-theme\/","og_type":"article","og_title":"Milano ist ein FSE-Block-Theme f\u00fcr Mode und Fashion","og_description":"Dieses WordPress Full Site Editing Theme zeichnet sich durch maximale PageSpeed Performance, SEO, PureCSS und Swiss Qualit\u00e4t aus.","og_url":"https:\/\/themes.webgarten.ch\/milano\/uber-dieses-theme\/","og_site_name":"Milano Demo","article_publisher":"https:\/\/www.facebook.com\/webgarten","article_modified_time":"2024-02-16T08:08:23+00:00","twitter_card":"summary_large_image","twitter_site":"@WebgartenGmbH","twitter_misc":{"Gesch\u00e4tzte Lesezeit":"2\u00a0Minuten"},"schema":{"@context":"https:\/\/schema.org","@graph":[{"@type":"WebPage","@id":"https:\/\/themes.webgarten.ch\/milano\/uber-dieses-theme\/","url":"https:\/\/themes.webgarten.ch\/milano\/uber-dieses-theme\/","name":"Milano ist ein FSE-Block-Theme f\u00fcr Mode und Fashion","isPartOf":{"@id":"https:\/\/themes.webgarten.ch\/milano\/#website"},"datePublished":"2024-02-10T08:07:10+00:00","dateModified":"2024-02-16T08:08:23+00:00","description":"Dieses WordPress Full Site Editing Theme zeichnet sich durch maximale PageSpeed Performance, SEO, PureCSS und Swiss Qualit\u00e4t aus.","breadcrumb":{"@id":"https:\/\/themes.webgarten.ch\/milano\/uber-dieses-theme\/#breadcrumb"},"inLanguage":"de-CH","potentialAction":[{"@type":"ReadAction","target":["https:\/\/themes.webgarten.ch\/milano\/uber-dieses-theme\/"]}]},{"@type":"BreadcrumbList","@id":"https:\/\/themes.webgarten.ch\/milano\/uber-dieses-theme\/#breadcrumb","itemListElement":[{"@type":"ListItem","position":1,"name":"Home","item":"https:\/\/themes.webgarten.ch\/milano\/"},{"@type":"ListItem","position":2,"name":"\u00dcber dieses Theme"}]},{"@type":"WebSite","@id":"https:\/\/themes.webgarten.ch\/milano\/#website","url":"https:\/\/themes.webgarten.ch\/milano\/","name":"Milano Theme","description":"","publisher":{"@id":"https:\/\/themes.webgarten.ch\/milano\/#organization"},"potentialAction":[{"@type":"SearchAction","target":{"@type":"EntryPoint","urlTemplate":"https:\/\/themes.webgarten.ch\/milano\/?s={search_term_string}"},"query-input":{"@type":"PropertyValueSpecification","valueRequired":true,"valueName":"search_term_string"}}],"inLanguage":"de-CH"},{"@type":"Organization","@id":"https:\/\/themes.webgarten.ch\/milano\/#organization","name":"Milano Theme","url":"https:\/\/themes.webgarten.ch\/milano\/","logo":{"@type":"ImageObject","inLanguage":"de-CH","@id":"https:\/\/themes.webgarten.ch\/milano\/#\/schema\/logo\/image\/","url":"https:\/\/themes.webgarten.ch\/milano\/wp-content\/uploads\/2024\/02\/logo.svg","contentUrl":"https:\/\/themes.webgarten.ch\/milano\/wp-content\/uploads\/2024\/02\/logo.svg","width":92,"height":78,"caption":"Milano Theme"},"image":{"@id":"https:\/\/themes.webgarten.ch\/milano\/#\/schema\/logo\/image\/"},"sameAs":["https:\/\/www.facebook.com\/webgarten","https:\/\/x.com\/WebgartenGmbH"]}]}},"_links":{"self":[{"href":"https:\/\/themes.webgarten.ch\/milano\/wp-json\/wp\/v2\/pages\/92","targetHints":{"allow":["GET"]}}],"collection":[{"href":"https:\/\/themes.webgarten.ch\/milano\/wp-json\/wp\/v2\/pages"}],"about":[{"href":"https:\/\/themes.webgarten.ch\/milano\/wp-json\/wp\/v2\/types\/page"}],"author":[{"embeddable":true,"href":"https:\/\/themes.webgarten.ch\/milano\/wp-json\/wp\/v2\/users\/1"}],"replies":[{"embeddable":true,"href":"https:\/\/themes.webgarten.ch\/milano\/wp-json\/wp\/v2\/comments?post=92"}],"version-history":[{"count":87,"href":"https:\/\/themes.webgarten.ch\/milano\/wp-json\/wp\/v2\/pages\/92\/revisions"}],"predecessor-version":[{"id":400,"href":"https:\/\/themes.webgarten.ch\/milano\/wp-json\/wp\/v2\/pages\/92\/revisions\/400"}],"wp:attachment":[{"href":"https:\/\/themes.webgarten.ch\/milano\/wp-json\/wp\/v2\/media?parent=92"}],"curies":[{"name":"wp","href":"https:\/\/api.w.org\/{rel}","templated":true}]}}